{"id":4129,"date":"2015-11-23T15:46:26","date_gmt":"2015-11-23T14:46:26","guid":{"rendered":"http:\/\/fratelliaifornelli.it\/en\/?page_id=4129"},"modified":"2015-12-17T09:00:21","modified_gmt":"2015-12-17T08:00:21","slug":"medlar-recipes","status":"publish","type":"page","link":"https:\/\/fratelliaifornelli.it\/en\/medlar-recipes\/","title":{"rendered":"Medlar Recipes"},"content":{"rendered":"<p>The common medlar belongs to the Rosaceae family, the same that includes apples and pears, and just as these two it is related to the autumn. It has a unique and special taste, and like everything unique, not everyone loves it. The strangest\u00a0characteristic\u00a0of this plant is that the fruit can not be eaten freshly picked, but it should be left to rest a few weeks in the cellar, so that they <em>blet<\/em> and are really ready.<\/p>\n<p>In ancient times, in the Middle Ages and during the Renaissance, the medlar was widely used, popular and appreciated, but with time it fell into disuse. This series of post aims to present medlars in different recipes, hoping to arouse curiosity about this ancient fruit.<\/p>\n[insert page=&#8217;medlar-jam&#8217; display=&#8217;post-single-preview.php&#8217;][insert page=&#8217;medlar-cheese&#8217; display=&#8217;post-single-preview.php&#8217;]\n[insert page=&#8217;modern-medlar-tartlets&#8217; display=&#8217;post-single-preview.php&#8217;]\n[insert page=&#8217;renaissance-medlar-tartlets&#8217; display=&#8217;post-single-preview.php&#8217;]\n<p>&nbsp;<\/p>\n","protected":false},"excerpt":{"rendered":"<p>The common medlar belongs to the Rosaceae family, the same that includes apples and pears, and just as these two it is related to the autumn. It has a unique and special taste, and like everything unique, not everyone loves it. The strangest\u00a0characteristic\u00a0of this plant is that the fruit can not be eaten freshly picked, but it should be left &#8230; <a href=\"https:\/\/fratelliaifornelli.it\/en\/medlar-recipes\/\" class=\"more-link\">Read More<\/a><\/p>\n","protected":false},"author":3,"featured_media":4054,"parent":0,"menu_order":0,"comment_status":"closed","ping_status":"closed","template":"","meta":{"wprm-recipe-roundup-name":"","wprm-recipe-roundup-description":"","_exactmetrics_skip_tracking":false,"_exactmetrics_sitenote_active":false,"_exactmetrics_sitenote_note":"","_exactmetrics_sitenote_category":0,"_uf_show_specific_survey":0,"_uf_disable_surveys":false,"jetpack_post_was_ever_published":false,"yasr_overall_rating":0,"yasr_post_is_review":"","yasr_auto_insert_disabled":"","yasr_review_type":"","footnotes":""},"class_list":["post-4129","page","type-page","status-publish","has-post-thumbnail","hentry"],"yoast_head":"<!-- This site is optimized with the Yoast SEO plugin v26.0 - https:\/\/yoast.com\/wordpress\/plugins\/seo\/ -->\n<title>Medlar Recipes - Fratelli ai Fornelli<\/title>\n<meta name=\"description\" content=\"A series of post aims to present medlars in different recipes, hoping to arouse curiosity about this ancient fruit.\" \/>\n<meta name=\"robots\" content=\"index, follow, max-snippet:-1, max-image-preview:large, max-video-preview:-1\" \/>\n<link rel=\"canonical\" href=\"https:\/\/fratelliaifornelli.it\/en\/medlar-recipes\/\" \/>\n<meta property=\"og:locale\" content=\"en_US\" \/>\n<meta property=\"og:type\" content=\"article\" \/>\n<meta property=\"og:title\" content=\"Medlar Recipes - Fratelli ai Fornelli\" \/>\n<meta property=\"og:description\" content=\"A series of post aims to present medlars in different recipes, hoping to arouse curiosity about this ancient fruit.\" \/>\n<meta property=\"og:url\" content=\"https:\/\/fratelliaifornelli.it\/en\/medlar-recipes\/\" \/>\n<meta property=\"og:site_name\" content=\"Fratelli ai Fornelli\" \/>\n<meta property=\"article:publisher\" content=\"https:\/\/www.facebook.com\/FratelliAiFornelli\" \/>\n<meta property=\"article:modified_time\" content=\"2015-12-17T08:00:21+00:00\" \/>\n<meta property=\"og:image\" content=\"https:\/\/i0.wp.com\/fratelliaifornelli.it\/wp-content\/uploads\/2015\/11\/nespole-germaniche-mature-medlar-fruit.jpg?fit=1500%2C999&ssl=1\" \/>\n\t<meta property=\"og:image:width\" content=\"1500\" \/>\n\t<meta property=\"og:image:height\" content=\"999\" \/>\n\t<meta property=\"og:image:type\" content=\"image\/jpeg\" \/>\n<meta name=\"twitter:card\" content=\"summary_large_image\" \/>\n<meta name=\"twitter:site\" content=\"@FratAiFornelli\" \/>\n<meta name=\"twitter:label1\" content=\"Est. reading time\" \/>\n\t<meta name=\"twitter:data1\" content=\"1 minute\" \/>\n<script type=\"application\/ld+json\" class=\"yoast-schema-graph\">{\"@context\":\"https:\/\/schema.org\",\"@graph\":[{\"@type\":\"WebPage\",\"@id\":\"https:\/\/fratelliaifornelli.it\/en\/medlar-recipes\/\",\"url\":\"https:\/\/fratelliaifornelli.it\/en\/medlar-recipes\/\",\"name\":\"Medlar Recipes - Fratelli ai Fornelli\",\"isPartOf\":{\"@id\":\"https:\/\/fratelliaifornelli.it\/#website\"},\"primaryImageOfPage\":{\"@id\":\"https:\/\/fratelliaifornelli.it\/en\/medlar-recipes\/#primaryimage\"},\"image\":{\"@id\":\"https:\/\/fratelliaifornelli.it\/en\/medlar-recipes\/#primaryimage\"},\"thumbnailUrl\":\"https:\/\/i0.wp.com\/fratelliaifornelli.it\/wp-content\/uploads\/2015\/11\/nespole-germaniche-mature-medlar-fruit.jpg?fit=1500%2C999&ssl=1\",\"datePublished\":\"2015-11-23T14:46:26+00:00\",\"dateModified\":\"2015-12-17T08:00:21+00:00\",\"description\":\"A series of post aims to present medlars in different recipes, hoping to arouse curiosity about this ancient fruit.\",\"breadcrumb\":{\"@id\":\"https:\/\/fratelliaifornelli.it\/en\/medlar-recipes\/#breadcrumb\"},\"inLanguage\":\"en-US\",\"potentialAction\":[{\"@type\":\"ReadAction\",\"target\":[\"https:\/\/fratelliaifornelli.it\/en\/medlar-recipes\/\"]}]},{\"@type\":\"ImageObject\",\"inLanguage\":\"en-US\",\"@id\":\"https:\/\/fratelliaifornelli.it\/en\/medlar-recipes\/#primaryimage\",\"url\":\"https:\/\/i0.wp.com\/fratelliaifornelli.it\/wp-content\/uploads\/2015\/11\/nespole-germaniche-mature-medlar-fruit.jpg?fit=1500%2C999&ssl=1\",\"contentUrl\":\"https:\/\/i0.wp.com\/fratelliaifornelli.it\/wp-content\/uploads\/2015\/11\/nespole-germaniche-mature-medlar-fruit.jpg?fit=1500%2C999&ssl=1\",\"width\":1500,\"height\":999},{\"@type\":\"BreadcrumbList\",\"@id\":\"https:\/\/fratelliaifornelli.it\/en\/medlar-recipes\/#breadcrumb\",\"itemListElement\":[{\"@type\":\"ListItem\",\"position\":1,\"name\":\"Home\",\"item\":\"https:\/\/fratelliaifornelli.it\/en\/\"},{\"@type\":\"ListItem\",\"position\":2,\"name\":\"Medlar Recipes\"}]},{\"@type\":\"WebSite\",\"@id\":\"https:\/\/fratelliaifornelli.it\/#website\",\"url\":\"https:\/\/fratelliaifornelli.it\/\",\"name\":\"Fratelli ai Fornelli\",\"description\":\"Un&#039;unica costante: il gusto\",\"potentialAction\":[{\"@type\":\"SearchAction\",\"target\":{\"@type\":\"EntryPoint\",\"urlTemplate\":\"https:\/\/fratelliaifornelli.it\/?s={search_term_string}\"},\"query-input\":{\"@type\":\"PropertyValueSpecification\",\"valueRequired\":true,\"valueName\":\"search_term_string\"}}],\"inLanguage\":\"en-US\"},false]}<\/script>\n<!-- \/ Yoast SEO plugin. -->","yoast_head_json":{"title":"Medlar Recipes - Fratelli ai Fornelli","description":"A series of post aims to present medlars in different recipes, hoping to arouse curiosity about this ancient fruit.","robots":{"index":"index","follow":"follow","max-snippet":"max-snippet:-1","max-image-preview":"max-image-preview:large","max-video-preview":"max-video-preview:-1"},"canonical":"https:\/\/fratelliaifornelli.it\/en\/medlar-recipes\/","og_locale":"en_US","og_type":"article","og_title":"Medlar Recipes - Fratelli ai Fornelli","og_description":"A series of post aims to present medlars in different recipes, hoping to arouse curiosity about this ancient fruit.","og_url":"https:\/\/fratelliaifornelli.it\/en\/medlar-recipes\/","og_site_name":"Fratelli ai Fornelli","article_publisher":"https:\/\/www.facebook.com\/FratelliAiFornelli","article_modified_time":"2015-12-17T08:00:21+00:00","og_image":[{"width":1500,"height":999,"url":"https:\/\/i0.wp.com\/fratelliaifornelli.it\/wp-content\/uploads\/2015\/11\/nespole-germaniche-mature-medlar-fruit.jpg?fit=1500%2C999&ssl=1","type":"image\/jpeg"}],"twitter_card":"summary_large_image","twitter_site":"@FratAiFornelli","twitter_misc":{"Est. reading time":"1 minute"},"schema":{"@context":"https:\/\/schema.org","@graph":[{"@type":"WebPage","@id":"https:\/\/fratelliaifornelli.it\/en\/medlar-recipes\/","url":"https:\/\/fratelliaifornelli.it\/en\/medlar-recipes\/","name":"Medlar Recipes - Fratelli ai Fornelli","isPartOf":{"@id":"https:\/\/fratelliaifornelli.it\/#website"},"primaryImageOfPage":{"@id":"https:\/\/fratelliaifornelli.it\/en\/medlar-recipes\/#primaryimage"},"image":{"@id":"https:\/\/fratelliaifornelli.it\/en\/medlar-recipes\/#primaryimage"},"thumbnailUrl":"https:\/\/i0.wp.com\/fratelliaifornelli.it\/wp-content\/uploads\/2015\/11\/nespole-germaniche-mature-medlar-fruit.jpg?fit=1500%2C999&ssl=1","datePublished":"2015-11-23T14:46:26+00:00","dateModified":"2015-12-17T08:00:21+00:00","description":"A series of post aims to present medlars in different recipes, hoping to arouse curiosity about this ancient fruit.","breadcrumb":{"@id":"https:\/\/fratelliaifornelli.it\/en\/medlar-recipes\/#breadcrumb"},"inLanguage":"en-US","potentialAction":[{"@type":"ReadAction","target":["https:\/\/fratelliaifornelli.it\/en\/medlar-recipes\/"]}]},{"@type":"ImageObject","inLanguage":"en-US","@id":"https:\/\/fratelliaifornelli.it\/en\/medlar-recipes\/#primaryimage","url":"https:\/\/i0.wp.com\/fratelliaifornelli.it\/wp-content\/uploads\/2015\/11\/nespole-germaniche-mature-medlar-fruit.jpg?fit=1500%2C999&ssl=1","contentUrl":"https:\/\/i0.wp.com\/fratelliaifornelli.it\/wp-content\/uploads\/2015\/11\/nespole-germaniche-mature-medlar-fruit.jpg?fit=1500%2C999&ssl=1","width":1500,"height":999},{"@type":"BreadcrumbList","@id":"https:\/\/fratelliaifornelli.it\/en\/medlar-recipes\/#breadcrumb","itemListElement":[{"@type":"ListItem","position":1,"name":"Home","item":"https:\/\/fratelliaifornelli.it\/en\/"},{"@type":"ListItem","position":2,"name":"Medlar Recipes"}]},{"@type":"WebSite","@id":"https:\/\/fratelliaifornelli.it\/#website","url":"https:\/\/fratelliaifornelli.it\/","name":"Fratelli ai Fornelli","description":"Un&#039;unica costante: il gusto","potentialAction":[{"@type":"SearchAction","target":{"@type":"EntryPoint","urlTemplate":"https:\/\/fratelliaifornelli.it\/?s={search_term_string}"},"query-input":{"@type":"PropertyValueSpecification","valueRequired":true,"valueName":"search_term_string"}}],"inLanguage":"en-US"},false]}},"yasr_visitor_votes":{"stars_attributes":{"read_only":true,"span_bottom":"<div class='yasr-small-block-bold'><span class='yasr-visitor-votes-must-sign-in'>You must sign in to vote<\/span><\/div>"},"number_of_votes":0,"sum_votes":0},"jetpack_shortlink":"https:\/\/wp.me\/P3xqeD-14B","jetpack-related-posts":[{"id":4372,"url":"https:\/\/fratelliaifornelli.it\/en\/christmas-special\/","url_meta":{"origin":4129,"position":0},"title":"Christmas Special","author":"Fratelli ai Fornelli","date":"15 December 2015","format":false,"excerpt":"Each year Christmas and its joyous atmosphere occurs. For us, the first thing to organize in\u00a0this\u00a0holiday\u00a0are neither gifts, nor the decorations ... But Christmas lunch :D . We've collected here all our proposals for the Christmas season, hoping to be able to give some good ideas. Let's face it, we\u2026","rel":"","context":"Similar post","block_context":{"text":"Similar post","link":""},"img":{"alt_text":"","src":"https:\/\/i0.wp.com\/fratelliaifornelli.it\/wp-content\/uploads\/2015\/12\/ricetta-natale-christmas-recipes.jpg?fit=1200%2C799&ssl=1&resize=350%2C200","width":350,"height":200,"srcset":"https:\/\/i0.wp.com\/fratelliaifornelli.it\/wp-content\/uploads\/2015\/12\/ricetta-natale-christmas-recipes.jpg?fit=1200%2C799&ssl=1&resize=350%2C200 1x, https:\/\/i0.wp.com\/fratelliaifornelli.it\/wp-content\/uploads\/2015\/12\/ricetta-natale-christmas-recipes.jpg?fit=1200%2C799&ssl=1&resize=525%2C300 1.5x, https:\/\/i0.wp.com\/fratelliaifornelli.it\/wp-content\/uploads\/2015\/12\/ricetta-natale-christmas-recipes.jpg?fit=1200%2C799&ssl=1&resize=700%2C400 2x, https:\/\/i0.wp.com\/fratelliaifornelli.it\/wp-content\/uploads\/2015\/12\/ricetta-natale-christmas-recipes.jpg?fit=1200%2C799&ssl=1&resize=1050%2C600 3x"},"classes":[]},{"id":4828,"url":"https:\/\/fratelliaifornelli.it\/en\/recipes-inspired-by-movies-and-books\/","url_meta":{"origin":4129,"position":1},"title":"Recipes inspired by movies and books","author":"Jo\u00ebl","date":"23 February 2016","format":false,"excerpt":"Often watching a movie or reading a book we come across beautiful recipes, at this point our mind deviates from the plot. We stop to read or put the movie on pause, and begin to study the words or frames to grasp and understand how to recreate and present the\u2026","rel":"","context":"Similar post","block_context":{"text":"Similar post","link":""},"img":{"alt_text":"","src":"https:\/\/i0.wp.com\/fratelliaifornelli.it\/wp-content\/uploads\/2015\/11\/ricette-film-libri-recipe-movie-book.jpg?fit=1200%2C799&ssl=1&resize=350%2C200","width":350,"height":200,"srcset":"https:\/\/i0.wp.com\/fratelliaifornelli.it\/wp-content\/uploads\/2015\/11\/ricette-film-libri-recipe-movie-book.jpg?fit=1200%2C799&ssl=1&resize=350%2C200 1x, https:\/\/i0.wp.com\/fratelliaifornelli.it\/wp-content\/uploads\/2015\/11\/ricette-film-libri-recipe-movie-book.jpg?fit=1200%2C799&ssl=1&resize=525%2C300 1.5x, https:\/\/i0.wp.com\/fratelliaifornelli.it\/wp-content\/uploads\/2015\/11\/ricette-film-libri-recipe-movie-book.jpg?fit=1200%2C799&ssl=1&resize=700%2C400 2x, https:\/\/i0.wp.com\/fratelliaifornelli.it\/wp-content\/uploads\/2015\/11\/ricette-film-libri-recipe-movie-book.jpg?fit=1200%2C799&ssl=1&resize=1050%2C600 3x"},"classes":[]},{"id":4067,"url":"https:\/\/fratelliaifornelli.it\/ricette-ispirate-film-libri\/","url_meta":{"origin":4129,"position":2},"title":"Ricette ispirate a film e libri","author":"Fratelli ai Fornelli","date":"16 November 2015","format":false,"excerpt":"Spesso guardando un film o leggendo un libro ci imbattiamo in bellissime ricette, a questo punto la nostra mente devia dalla storia. Smettiamo di leggere o mettiamo in pausa il film, e iniziamo a studiare le parole o i fotogrammi per cogliere e capire come ricreare e presentarvi il piatto\u2026","rel":"","context":"Similar post","block_context":{"text":"Similar post","link":""},"img":{"alt_text":"","src":"https:\/\/i0.wp.com\/fratelliaifornelli.it\/wp-content\/uploads\/2015\/11\/ricette-film-libri-recipe-movie-book.jpg?fit=1200%2C799&ssl=1&resize=350%2C200","width":350,"height":200,"srcset":"https:\/\/i0.wp.com\/fratelliaifornelli.it\/wp-content\/uploads\/2015\/11\/ricette-film-libri-recipe-movie-book.jpg?fit=1200%2C799&ssl=1&resize=350%2C200 1x, https:\/\/i0.wp.com\/fratelliaifornelli.it\/wp-content\/uploads\/2015\/11\/ricette-film-libri-recipe-movie-book.jpg?fit=1200%2C799&ssl=1&resize=525%2C300 1.5x, https:\/\/i0.wp.com\/fratelliaifornelli.it\/wp-content\/uploads\/2015\/11\/ricette-film-libri-recipe-movie-book.jpg?fit=1200%2C799&ssl=1&resize=700%2C400 2x, https:\/\/i0.wp.com\/fratelliaifornelli.it\/wp-content\/uploads\/2015\/11\/ricette-film-libri-recipe-movie-book.jpg?fit=1200%2C799&ssl=1&resize=1050%2C600 3x"},"classes":[]},{"id":4359,"url":"https:\/\/fratelliaifornelli.it\/speciale-natale\/","url_meta":{"origin":4129,"position":3},"title":"Speciale Natale","author":"Fratelli ai Fornelli","date":"15 December 2015","format":false,"excerpt":"Ogni anno il Natale e la sua gioiosa atmosfera\u00a0si ripresenta.\u00a0Per noi la prima cosa da organizzare per questa festivit\u00e0 non sono ne i regali, ne gli addobbi... Ma il pranzo di Natale :D . Raccoglieremo qui tutte le nostre proposte per il periodo natalizio, sperando di potervi dare qualche buona\u2026","rel":"","context":"Similar post","block_context":{"text":"Similar post","link":""},"img":{"alt_text":"","src":"https:\/\/i0.wp.com\/fratelliaifornelli.it\/wp-content\/uploads\/2015\/12\/ricetta-natale-christmas-recipes.jpg?fit=1200%2C799&ssl=1&resize=350%2C200","width":350,"height":200,"srcset":"https:\/\/i0.wp.com\/fratelliaifornelli.it\/wp-content\/uploads\/2015\/12\/ricetta-natale-christmas-recipes.jpg?fit=1200%2C799&ssl=1&resize=350%2C200 1x, https:\/\/i0.wp.com\/fratelliaifornelli.it\/wp-content\/uploads\/2015\/12\/ricetta-natale-christmas-recipes.jpg?fit=1200%2C799&ssl=1&resize=525%2C300 1.5x, https:\/\/i0.wp.com\/fratelliaifornelli.it\/wp-content\/uploads\/2015\/12\/ricetta-natale-christmas-recipes.jpg?fit=1200%2C799&ssl=1&resize=700%2C400 2x, https:\/\/i0.wp.com\/fratelliaifornelli.it\/wp-content\/uploads\/2015\/12\/ricetta-natale-christmas-recipes.jpg?fit=1200%2C799&ssl=1&resize=1050%2C600 3x"},"classes":[]},{"id":4124,"url":"https:\/\/fratelliaifornelli.it\/speciale-nespole\/","url_meta":{"origin":4129,"position":4},"title":"Speciale Nespole","author":"Fratelli ai Fornelli","date":"24 November 2015","format":false,"excerpt":"La Nespola Germanica appartiene alla famiglia delle Rosacee, la medesima che comprende mele e pere, e come queste \u00e8 un frutto legato all'autunno. Possiede un gusto davvero unico e particolare, e come ogni cosa unica nel suo genere, non apprezzata da tutti. La pi\u00f9 grande particolarit\u00e0 di questa pianta \u00e8\u2026","rel":"","context":"Similar post","block_context":{"text":"Similar post","link":""},"img":{"alt_text":"","src":"https:\/\/i0.wp.com\/fratelliaifornelli.it\/wp-content\/uploads\/2015\/11\/nespole-germaniche-mature-medlar-fruit.jpg?fit=1200%2C799&ssl=1&resize=350%2C200","width":350,"height":200,"srcset":"https:\/\/i0.wp.com\/fratelliaifornelli.it\/wp-content\/uploads\/2015\/11\/nespole-germaniche-mature-medlar-fruit.jpg?fit=1200%2C799&ssl=1&resize=350%2C200 1x, https:\/\/i0.wp.com\/fratelliaifornelli.it\/wp-content\/uploads\/2015\/11\/nespole-germaniche-mature-medlar-fruit.jpg?fit=1200%2C799&ssl=1&resize=525%2C300 1.5x, https:\/\/i0.wp.com\/fratelliaifornelli.it\/wp-content\/uploads\/2015\/11\/nespole-germaniche-mature-medlar-fruit.jpg?fit=1200%2C799&ssl=1&resize=700%2C400 2x, https:\/\/i0.wp.com\/fratelliaifornelli.it\/wp-content\/uploads\/2015\/11\/nespole-germaniche-mature-medlar-fruit.jpg?fit=1200%2C799&ssl=1&resize=1050%2C600 3x"},"classes":[]},{"id":3308,"url":"https:\/\/fratelliaifornelli.it\/en\/about-us\/","url_meta":{"origin":4129,"position":5},"title":"About us","author":"Fratelli ai Fornelli","date":"15 August 2015","format":false,"excerpt":"Here we are. It's always\u00a0really\u00a0difficult to introduce ourselves, we don't\u00a0know what we\u00a0should say and what we\u00a0should omit... This is much more\u00a0complicated when you can't see the one you're talking to! The most important thing is make a first good impression, \u00a0especially in our case making a GOOD and TASTY impression\u2026","rel":"","context":"With 2 comments","block_context":{"text":"With 2 comments","link":"https:\/\/fratelliaifornelli.it\/en\/about-us\/#comments"},"img":{"alt_text":"fratelli ai fornelli food blogger food blog aosta valley","src":"https:\/\/i0.wp.com\/fratelliaifornelli.it\/wp-content\/uploads\/2013\/07\/fratelli-ai-fornelli-foto-humans-1200x769.jpg?resize=350%2C200","width":350,"height":200,"srcset":"https:\/\/i0.wp.com\/fratelliaifornelli.it\/wp-content\/uploads\/2013\/07\/fratelli-ai-fornelli-foto-humans-1200x769.jpg?resize=350%2C200 1x, https:\/\/i0.wp.com\/fratelliaifornelli.it\/wp-content\/uploads\/2013\/07\/fratelli-ai-fornelli-foto-humans-1200x769.jpg?resize=525%2C300 1.5x"},"classes":[]}],"jetpack_sharing_enabled":true,"_links":{"self":[{"href":"https:\/\/fratelliaifornelli.it\/en\/wp-json\/wp\/v2\/pages\/4129","targetHints":{"allow":["GET"]}}],"collection":[{"href":"https:\/\/fratelliaifornelli.it\/en\/wp-json\/wp\/v2\/pages"}],"about":[{"href":"https:\/\/fratelliaifornelli.it\/en\/wp-json\/wp\/v2\/types\/page"}],"author":[{"embeddable":true,"href":"https:\/\/fratelliaifornelli.it\/en\/wp-json\/wp\/v2\/users\/3"}],"replies":[{"embeddable":true,"href":"https:\/\/fratelliaifornelli.it\/en\/wp-json\/wp\/v2\/comments?post=4129"}],"version-history":[{"count":6,"href":"https:\/\/fratelliaifornelli.it\/en\/wp-json\/wp\/v2\/pages\/4129\/revisions"}],"predecessor-version":[{"id":4382,"href":"https:\/\/fratelliaifornelli.it\/en\/wp-json\/wp\/v2\/pages\/4129\/revisions\/4382"}],"wp:featuredmedia":[{"embeddable":true,"href":"https:\/\/fratelliaifornelli.it\/en\/wp-json\/wp\/v2\/media\/4054"}],"wp:attachment":[{"href":"https:\/\/fratelliaifornelli.it\/en\/wp-json\/wp\/v2\/media?parent=4129"}],"curies":[{"name":"wp","href":"https:\/\/api.w.org\/{rel}","templated":true}]}}