{"id":4828,"date":"2016-02-23T12:05:02","date_gmt":"2016-02-23T11:05:02","guid":{"rendered":"http:\/\/fratelliaifornelli.it\/en\/?page_id=4828"},"modified":"2016-03-03T13:44:19","modified_gmt":"2016-03-03T12:44:19","slug":"recipes-inspired-by-movies-and-books","status":"publish","type":"page","link":"https:\/\/fratelliaifornelli.it\/en\/recipes-inspired-by-movies-and-books\/","title":{"rendered":"Recipes inspired by movies and books"},"content":{"rendered":"<p>Often watching a movie or reading a book we come across beautiful recipes, at this point our mind deviates from the plot. We stop to read or put the movie on pause, and begin to study the words or frames to grasp and understand how to recreate and present the dish that has so impressed us \ud83d\ude42 .<\/p>\n<p>We have now collected all the recipes inspired by movies and books to allow and easy search \ud83d\ude09 . If you do not see below one of your favorite movies or books, and remember vaguely a good plate hidden between its pages, suggest it in the comments \ud83d\ude00 .<\/p>\n<h2 style=\"clear: both;\">Hunger Games<\/h2>\n[insert page=&#8217;katniss-everdeens-lamb-stew-with-dried-plums-and-wild-rice&#8217; display=&#8217;post-single-preview.php&#8217;][insert page=&#8217;katniss-everdeens-roasted-quails-with-tangerine-sauce&#8217; display=&#8217;post-single-preview.php&#8217;][insert page=&#8217;katniss-everdeens-pumpkin-brew&#8217; display=&#8217;post-single-preview.php&#8217;]\n<hr style=\"clear: both;\" \/>\n<h2 style=\"clear: both;\">Game of Thrones<\/h2>\n[insert page=&#8217;sansas-lemon-and-almond-cakes&#8217; display=&#8217;post-single-preview.php&#8217;][insert page=&#8217;nights-tart&#8217; display=&#8217;post-single-preview.php&#8217;]\n<hr style=\"clear: both;\" \/>\n<h2 style=\"clear: both;\">Cartoons<\/h2>\n[insert page=&#8217;ratatouille-en&#8217; display=&#8217;post-single-preview.php&#8217;][insert page=&#8217;meridas-magic-tartlets&#8217; display=&#8217;post-single-preview.php&#8217;][insert page=&#8217;garfields-lasagne&#8217; display=&#8217;post-single-preview.php&#8217;]\n<hr style=\"clear: both;\" \/>\n<h2 style=\"clear: both;\">Other Movies<\/h2>\n[insert page=&#8217;harvest-cake-from-drag-me-to-hell&#8217; display=&#8217;post-single-preview.php&#8217;][insert page=&#8217;3651&#8242; display=&#8217;post-single-preview.php&#8217;]\n[insert page=&#8217;guy-fawkes-cupcakes&#8217; display=&#8217;post-single-preview.php&#8217;]\n<p>&nbsp;<\/p>\n","protected":false},"excerpt":{"rendered":"<p>Often watching a movie or reading a book we come across beautiful recipes, at this point our mind deviates from the plot. We stop to read or put the movie on pause, and begin to study the words or frames to grasp and understand how to recreate and present the dish that has so impressed us \ud83d\ude42 . We have &#8230; <a href=\"https:\/\/fratelliaifornelli.it\/en\/recipes-inspired-by-movies-and-books\/\" class=\"more-link\">Read More<\/a><\/p>\n","protected":false},"author":1,"featured_media":4822,"parent":0,"menu_order":0,"comment_status":"closed","ping_status":"closed","template":"","meta":{"wprm-recipe-roundup-name":"","wprm-recipe-roundup-description":"","_exactmetrics_skip_tracking":false,"_exactmetrics_sitenote_active":false,"_exactmetrics_sitenote_note":"","_exactmetrics_sitenote_category":0,"_uf_show_specific_survey":0,"_uf_disable_surveys":false,"jetpack_post_was_ever_published":false,"yasr_overall_rating":0,"yasr_post_is_review":"","yasr_auto_insert_disabled":"","yasr_review_type":"","footnotes":""},"class_list":["post-4828","page","type-page","status-publish","has-post-thumbnail","hentry"],"yoast_head":"<!-- This site is optimized with the Yoast SEO plugin v26.0 - https:\/\/yoast.com\/wordpress\/plugins\/seo\/ -->\n<title>Recipes inspired by movies and books - Fratelli ai Fornelli<\/title>\n<meta name=\"description\" content=\"The collection of recipes inspired by movies and books that we love. By Game of Thrones,\u00a0Pixar&#039;s Brave, via Drag me to Hell ...\" \/>\n<meta name=\"robots\" content=\"index, follow, max-snippet:-1, max-image-preview:large, max-video-preview:-1\" \/>\n<link rel=\"canonical\" href=\"https:\/\/fratelliaifornelli.it\/en\/recipes-inspired-by-movies-and-books\/\" \/>\n<meta property=\"og:locale\" content=\"en_US\" \/>\n<meta property=\"og:type\" content=\"article\" \/>\n<meta property=\"og:title\" content=\"Recipes inspired by movies and books - Fratelli ai Fornelli\" \/>\n<meta property=\"og:description\" content=\"The collection of recipes inspired by movies and books that we love. By Game of Thrones,\u00a0Pixar&#039;s Brave, via Drag me to Hell ...\" \/>\n<meta property=\"og:url\" content=\"https:\/\/fratelliaifornelli.it\/en\/recipes-inspired-by-movies-and-books\/\" \/>\n<meta property=\"og:site_name\" content=\"Fratelli ai Fornelli\" \/>\n<meta property=\"article:publisher\" content=\"https:\/\/www.facebook.com\/FratelliAiFornelli\" \/>\n<meta property=\"article:modified_time\" content=\"2016-03-03T12:44:19+00:00\" \/>\n<meta property=\"og:image\" content=\"https:\/\/i0.wp.com\/fratelliaifornelli.it\/wp-content\/uploads\/2015\/11\/ricette-film-libri-recipe-movie-book.jpg?fit=1500%2C999&ssl=1\" \/>\n\t<meta property=\"og:image:width\" content=\"1500\" \/>\n\t<meta property=\"og:image:height\" content=\"999\" \/>\n\t<meta property=\"og:image:type\" content=\"image\/jpeg\" \/>\n<meta name=\"twitter:card\" content=\"summary_large_image\" \/>\n<meta name=\"twitter:site\" content=\"@FratAiFornelli\" \/>\n<meta name=\"twitter:label1\" content=\"Est. reading time\" \/>\n\t<meta name=\"twitter:data1\" content=\"1 minute\" \/>\n<script type=\"application\/ld+json\" class=\"yoast-schema-graph\">{\"@context\":\"https:\/\/schema.org\",\"@graph\":[{\"@type\":\"WebPage\",\"@id\":\"https:\/\/fratelliaifornelli.it\/en\/recipes-inspired-by-movies-and-books\/\",\"url\":\"https:\/\/fratelliaifornelli.it\/en\/recipes-inspired-by-movies-and-books\/\",\"name\":\"Recipes inspired by movies and books - Fratelli ai Fornelli\",\"isPartOf\":{\"@id\":\"https:\/\/fratelliaifornelli.it\/#website\"},\"primaryImageOfPage\":{\"@id\":\"https:\/\/fratelliaifornelli.it\/en\/recipes-inspired-by-movies-and-books\/#primaryimage\"},\"image\":{\"@id\":\"https:\/\/fratelliaifornelli.it\/en\/recipes-inspired-by-movies-and-books\/#primaryimage\"},\"thumbnailUrl\":\"https:\/\/i0.wp.com\/fratelliaifornelli.it\/wp-content\/uploads\/2015\/11\/ricette-film-libri-recipe-movie-book.jpg?fit=1500%2C999&ssl=1\",\"datePublished\":\"2016-02-23T11:05:02+00:00\",\"dateModified\":\"2016-03-03T12:44:19+00:00\",\"description\":\"The collection of recipes inspired by movies and books that we love. By Game of Thrones,\u00a0Pixar's Brave, via Drag me to Hell ...\",\"breadcrumb\":{\"@id\":\"https:\/\/fratelliaifornelli.it\/en\/recipes-inspired-by-movies-and-books\/#breadcrumb\"},\"inLanguage\":\"en-US\",\"potentialAction\":[{\"@type\":\"ReadAction\",\"target\":[\"https:\/\/fratelliaifornelli.it\/en\/recipes-inspired-by-movies-and-books\/\"]}]},{\"@type\":\"ImageObject\",\"inLanguage\":\"en-US\",\"@id\":\"https:\/\/fratelliaifornelli.it\/en\/recipes-inspired-by-movies-and-books\/#primaryimage\",\"url\":\"https:\/\/i0.wp.com\/fratelliaifornelli.it\/wp-content\/uploads\/2015\/11\/ricette-film-libri-recipe-movie-book.jpg?fit=1500%2C999&ssl=1\",\"contentUrl\":\"https:\/\/i0.wp.com\/fratelliaifornelli.it\/wp-content\/uploads\/2015\/11\/ricette-film-libri-recipe-movie-book.jpg?fit=1500%2C999&ssl=1\",\"width\":1500,\"height\":999},{\"@type\":\"BreadcrumbList\",\"@id\":\"https:\/\/fratelliaifornelli.it\/en\/recipes-inspired-by-movies-and-books\/#breadcrumb\",\"itemListElement\":[{\"@type\":\"ListItem\",\"position\":1,\"name\":\"Home\",\"item\":\"https:\/\/fratelliaifornelli.it\/en\/\"},{\"@type\":\"ListItem\",\"position\":2,\"name\":\"Recipes inspired by movies and books\"}]},{\"@type\":\"WebSite\",\"@id\":\"https:\/\/fratelliaifornelli.it\/#website\",\"url\":\"https:\/\/fratelliaifornelli.it\/\",\"name\":\"Fratelli ai Fornelli\",\"description\":\"Un&#039;unica costante: il gusto\",\"potentialAction\":[{\"@type\":\"SearchAction\",\"target\":{\"@type\":\"EntryPoint\",\"urlTemplate\":\"https:\/\/fratelliaifornelli.it\/?s={search_term_string}\"},\"query-input\":{\"@type\":\"PropertyValueSpecification\",\"valueRequired\":true,\"valueName\":\"search_term_string\"}}],\"inLanguage\":\"en-US\"},false]}<\/script>\n<!-- \/ Yoast SEO plugin. -->","yoast_head_json":{"title":"Recipes inspired by movies and books - Fratelli ai Fornelli","description":"The collection of recipes inspired by movies and books that we love. By Game of Thrones,\u00a0Pixar's Brave, via Drag me to Hell ...","robots":{"index":"index","follow":"follow","max-snippet":"max-snippet:-1","max-image-preview":"max-image-preview:large","max-video-preview":"max-video-preview:-1"},"canonical":"https:\/\/fratelliaifornelli.it\/en\/recipes-inspired-by-movies-and-books\/","og_locale":"en_US","og_type":"article","og_title":"Recipes inspired by movies and books - Fratelli ai Fornelli","og_description":"The collection of recipes inspired by movies and books that we love. By Game of Thrones,\u00a0Pixar's Brave, via Drag me to Hell ...","og_url":"https:\/\/fratelliaifornelli.it\/en\/recipes-inspired-by-movies-and-books\/","og_site_name":"Fratelli ai Fornelli","article_publisher":"https:\/\/www.facebook.com\/FratelliAiFornelli","article_modified_time":"2016-03-03T12:44:19+00:00","og_image":[{"width":1500,"height":999,"url":"https:\/\/i0.wp.com\/fratelliaifornelli.it\/wp-content\/uploads\/2015\/11\/ricette-film-libri-recipe-movie-book.jpg?fit=1500%2C999&ssl=1","type":"image\/jpeg"}],"twitter_card":"summary_large_image","twitter_site":"@FratAiFornelli","twitter_misc":{"Est. reading time":"1 minute"},"schema":{"@context":"https:\/\/schema.org","@graph":[{"@type":"WebPage","@id":"https:\/\/fratelliaifornelli.it\/en\/recipes-inspired-by-movies-and-books\/","url":"https:\/\/fratelliaifornelli.it\/en\/recipes-inspired-by-movies-and-books\/","name":"Recipes inspired by movies and books - Fratelli ai Fornelli","isPartOf":{"@id":"https:\/\/fratelliaifornelli.it\/#website"},"primaryImageOfPage":{"@id":"https:\/\/fratelliaifornelli.it\/en\/recipes-inspired-by-movies-and-books\/#primaryimage"},"image":{"@id":"https:\/\/fratelliaifornelli.it\/en\/recipes-inspired-by-movies-and-books\/#primaryimage"},"thumbnailUrl":"https:\/\/i0.wp.com\/fratelliaifornelli.it\/wp-content\/uploads\/2015\/11\/ricette-film-libri-recipe-movie-book.jpg?fit=1500%2C999&ssl=1","datePublished":"2016-02-23T11:05:02+00:00","dateModified":"2016-03-03T12:44:19+00:00","description":"The collection of recipes inspired by movies and books that we love. By Game of Thrones,\u00a0Pixar's Brave, via Drag me to Hell ...","breadcrumb":{"@id":"https:\/\/fratelliaifornelli.it\/en\/recipes-inspired-by-movies-and-books\/#breadcrumb"},"inLanguage":"en-US","potentialAction":[{"@type":"ReadAction","target":["https:\/\/fratelliaifornelli.it\/en\/recipes-inspired-by-movies-and-books\/"]}]},{"@type":"ImageObject","inLanguage":"en-US","@id":"https:\/\/fratelliaifornelli.it\/en\/recipes-inspired-by-movies-and-books\/#primaryimage","url":"https:\/\/i0.wp.com\/fratelliaifornelli.it\/wp-content\/uploads\/2015\/11\/ricette-film-libri-recipe-movie-book.jpg?fit=1500%2C999&ssl=1","contentUrl":"https:\/\/i0.wp.com\/fratelliaifornelli.it\/wp-content\/uploads\/2015\/11\/ricette-film-libri-recipe-movie-book.jpg?fit=1500%2C999&ssl=1","width":1500,"height":999},{"@type":"BreadcrumbList","@id":"https:\/\/fratelliaifornelli.it\/en\/recipes-inspired-by-movies-and-books\/#breadcrumb","itemListElement":[{"@type":"ListItem","position":1,"name":"Home","item":"https:\/\/fratelliaifornelli.it\/en\/"},{"@type":"ListItem","position":2,"name":"Recipes inspired by movies and books"}]},{"@type":"WebSite","@id":"https:\/\/fratelliaifornelli.it\/#website","url":"https:\/\/fratelliaifornelli.it\/","name":"Fratelli ai Fornelli","description":"Un&#039;unica costante: il gusto","potentialAction":[{"@type":"SearchAction","target":{"@type":"EntryPoint","urlTemplate":"https:\/\/fratelliaifornelli.it\/?s={search_term_string}"},"query-input":{"@type":"PropertyValueSpecification","valueRequired":true,"valueName":"search_term_string"}}],"inLanguage":"en-US"},false]}},"yasr_visitor_votes":{"stars_attributes":{"read_only":true,"span_bottom":"<div class='yasr-small-block-bold'><span class='yasr-visitor-votes-must-sign-in'>You must sign in to vote<\/span><\/div>"},"number_of_votes":0,"sum_votes":0},"jetpack_shortlink":"https:\/\/wp.me\/P3xqeD-1fS","jetpack-related-posts":[{"id":4372,"url":"https:\/\/fratelliaifornelli.it\/en\/christmas-special\/","url_meta":{"origin":4828,"position":0},"title":"Christmas Special","author":"Fratelli ai Fornelli","date":"15 December 2015","format":false,"excerpt":"Each year Christmas and its joyous atmosphere occurs. For us, the first thing to organize in\u00a0this\u00a0holiday\u00a0are neither gifts, nor the decorations ... But Christmas lunch :D . We've collected here all our proposals for the Christmas season, hoping to be able to give some good ideas. Let's face it, we\u2026","rel":"","context":"Similar post","block_context":{"text":"Similar post","link":""},"img":{"alt_text":"","src":"https:\/\/i0.wp.com\/fratelliaifornelli.it\/wp-content\/uploads\/2015\/12\/ricetta-natale-christmas-recipes.jpg?fit=1200%2C799&ssl=1&resize=350%2C200","width":350,"height":200,"srcset":"https:\/\/i0.wp.com\/fratelliaifornelli.it\/wp-content\/uploads\/2015\/12\/ricetta-natale-christmas-recipes.jpg?fit=1200%2C799&ssl=1&resize=350%2C200 1x, https:\/\/i0.wp.com\/fratelliaifornelli.it\/wp-content\/uploads\/2015\/12\/ricetta-natale-christmas-recipes.jpg?fit=1200%2C799&ssl=1&resize=525%2C300 1.5x, https:\/\/i0.wp.com\/fratelliaifornelli.it\/wp-content\/uploads\/2015\/12\/ricetta-natale-christmas-recipes.jpg?fit=1200%2C799&ssl=1&resize=700%2C400 2x, https:\/\/i0.wp.com\/fratelliaifornelli.it\/wp-content\/uploads\/2015\/12\/ricetta-natale-christmas-recipes.jpg?fit=1200%2C799&ssl=1&resize=1050%2C600 3x"},"classes":[]},{"id":4067,"url":"https:\/\/fratelliaifornelli.it\/ricette-ispirate-film-libri\/","url_meta":{"origin":4828,"position":1},"title":"Ricette ispirate a film e libri","author":"Fratelli ai Fornelli","date":"16 November 2015","format":false,"excerpt":"Spesso guardando un film o leggendo un libro ci imbattiamo in bellissime ricette, a questo punto la nostra mente devia dalla storia. Smettiamo di leggere o mettiamo in pausa il film, e iniziamo a studiare le parole o i fotogrammi per cogliere e capire come ricreare e presentarvi il piatto\u2026","rel":"","context":"Similar post","block_context":{"text":"Similar post","link":""},"img":{"alt_text":"","src":"https:\/\/i0.wp.com\/fratelliaifornelli.it\/wp-content\/uploads\/2015\/11\/ricette-film-libri-recipe-movie-book.jpg?fit=1200%2C799&ssl=1&resize=350%2C200","width":350,"height":200,"srcset":"https:\/\/i0.wp.com\/fratelliaifornelli.it\/wp-content\/uploads\/2015\/11\/ricette-film-libri-recipe-movie-book.jpg?fit=1200%2C799&ssl=1&resize=350%2C200 1x, https:\/\/i0.wp.com\/fratelliaifornelli.it\/wp-content\/uploads\/2015\/11\/ricette-film-libri-recipe-movie-book.jpg?fit=1200%2C799&ssl=1&resize=525%2C300 1.5x, https:\/\/i0.wp.com\/fratelliaifornelli.it\/wp-content\/uploads\/2015\/11\/ricette-film-libri-recipe-movie-book.jpg?fit=1200%2C799&ssl=1&resize=700%2C400 2x, https:\/\/i0.wp.com\/fratelliaifornelli.it\/wp-content\/uploads\/2015\/11\/ricette-film-libri-recipe-movie-book.jpg?fit=1200%2C799&ssl=1&resize=1050%2C600 3x"},"classes":[]},{"id":4129,"url":"https:\/\/fratelliaifornelli.it\/en\/medlar-recipes\/","url_meta":{"origin":4828,"position":2},"title":"Medlar Recipes","author":"Fratelli ai Fornelli","date":"23 November 2015","format":false,"excerpt":"The common medlar belongs to the Rosaceae family, the same that includes apples and pears, and just as these two it is related to the autumn. It has a unique and special taste, and like everything unique, not everyone loves it. The strangest\u00a0characteristic\u00a0of this plant is that the fruit can\u2026","rel":"","context":"Similar post","block_context":{"text":"Similar post","link":""},"img":{"alt_text":"","src":"https:\/\/i0.wp.com\/fratelliaifornelli.it\/wp-content\/uploads\/2015\/11\/nespole-germaniche-mature-medlar-fruit.jpg?fit=1200%2C799&ssl=1&resize=350%2C200","width":350,"height":200,"srcset":"https:\/\/i0.wp.com\/fratelliaifornelli.it\/wp-content\/uploads\/2015\/11\/nespole-germaniche-mature-medlar-fruit.jpg?fit=1200%2C799&ssl=1&resize=350%2C200 1x, https:\/\/i0.wp.com\/fratelliaifornelli.it\/wp-content\/uploads\/2015\/11\/nespole-germaniche-mature-medlar-fruit.jpg?fit=1200%2C799&ssl=1&resize=525%2C300 1.5x, https:\/\/i0.wp.com\/fratelliaifornelli.it\/wp-content\/uploads\/2015\/11\/nespole-germaniche-mature-medlar-fruit.jpg?fit=1200%2C799&ssl=1&resize=700%2C400 2x, https:\/\/i0.wp.com\/fratelliaifornelli.it\/wp-content\/uploads\/2015\/11\/nespole-germaniche-mature-medlar-fruit.jpg?fit=1200%2C799&ssl=1&resize=1050%2C600 3x"},"classes":[]},{"id":4359,"url":"https:\/\/fratelliaifornelli.it\/speciale-natale\/","url_meta":{"origin":4828,"position":3},"title":"Speciale Natale","author":"Fratelli ai Fornelli","date":"15 December 2015","format":false,"excerpt":"Ogni anno il Natale e la sua gioiosa atmosfera\u00a0si ripresenta.\u00a0Per noi la prima cosa da organizzare per questa festivit\u00e0 non sono ne i regali, ne gli addobbi... Ma il pranzo di Natale :D . Raccoglieremo qui tutte le nostre proposte per il periodo natalizio, sperando di potervi dare qualche buona\u2026","rel":"","context":"Similar post","block_context":{"text":"Similar post","link":""},"img":{"alt_text":"","src":"https:\/\/i0.wp.com\/fratelliaifornelli.it\/wp-content\/uploads\/2015\/12\/ricetta-natale-christmas-recipes.jpg?fit=1200%2C799&ssl=1&resize=350%2C200","width":350,"height":200,"srcset":"https:\/\/i0.wp.com\/fratelliaifornelli.it\/wp-content\/uploads\/2015\/12\/ricetta-natale-christmas-recipes.jpg?fit=1200%2C799&ssl=1&resize=350%2C200 1x, https:\/\/i0.wp.com\/fratelliaifornelli.it\/wp-content\/uploads\/2015\/12\/ricetta-natale-christmas-recipes.jpg?fit=1200%2C799&ssl=1&resize=525%2C300 1.5x, https:\/\/i0.wp.com\/fratelliaifornelli.it\/wp-content\/uploads\/2015\/12\/ricetta-natale-christmas-recipes.jpg?fit=1200%2C799&ssl=1&resize=700%2C400 2x, https:\/\/i0.wp.com\/fratelliaifornelli.it\/wp-content\/uploads\/2015\/12\/ricetta-natale-christmas-recipes.jpg?fit=1200%2C799&ssl=1&resize=1050%2C600 3x"},"classes":[]},{"id":4124,"url":"https:\/\/fratelliaifornelli.it\/speciale-nespole\/","url_meta":{"origin":4828,"position":4},"title":"Speciale Nespole","author":"Fratelli ai Fornelli","date":"24 November 2015","format":false,"excerpt":"La Nespola Germanica appartiene alla famiglia delle Rosacee, la medesima che comprende mele e pere, e come queste \u00e8 un frutto legato all'autunno. Possiede un gusto davvero unico e particolare, e come ogni cosa unica nel suo genere, non apprezzata da tutti. La pi\u00f9 grande particolarit\u00e0 di questa pianta \u00e8\u2026","rel":"","context":"Similar post","block_context":{"text":"Similar post","link":""},"img":{"alt_text":"","src":"https:\/\/i0.wp.com\/fratelliaifornelli.it\/wp-content\/uploads\/2015\/11\/nespole-germaniche-mature-medlar-fruit.jpg?fit=1200%2C799&ssl=1&resize=350%2C200","width":350,"height":200,"srcset":"https:\/\/i0.wp.com\/fratelliaifornelli.it\/wp-content\/uploads\/2015\/11\/nespole-germaniche-mature-medlar-fruit.jpg?fit=1200%2C799&ssl=1&resize=350%2C200 1x, https:\/\/i0.wp.com\/fratelliaifornelli.it\/wp-content\/uploads\/2015\/11\/nespole-germaniche-mature-medlar-fruit.jpg?fit=1200%2C799&ssl=1&resize=525%2C300 1.5x, https:\/\/i0.wp.com\/fratelliaifornelli.it\/wp-content\/uploads\/2015\/11\/nespole-germaniche-mature-medlar-fruit.jpg?fit=1200%2C799&ssl=1&resize=700%2C400 2x, https:\/\/i0.wp.com\/fratelliaifornelli.it\/wp-content\/uploads\/2015\/11\/nespole-germaniche-mature-medlar-fruit.jpg?fit=1200%2C799&ssl=1&resize=1050%2C600 3x"},"classes":[]},{"id":3308,"url":"https:\/\/fratelliaifornelli.it\/en\/about-us\/","url_meta":{"origin":4828,"position":5},"title":"About us","author":"Fratelli ai Fornelli","date":"15 August 2015","format":false,"excerpt":"Here we are. It's always\u00a0really\u00a0difficult to introduce ourselves, we don't\u00a0know what we\u00a0should say and what we\u00a0should omit... This is much more\u00a0complicated when you can't see the one you're talking to! The most important thing is make a first good impression, \u00a0especially in our case making a GOOD and TASTY impression\u2026","rel":"","context":"With 2 comments","block_context":{"text":"With 2 comments","link":"https:\/\/fratelliaifornelli.it\/en\/about-us\/#comments"},"img":{"alt_text":"fratelli ai fornelli food blogger food blog aosta valley","src":"https:\/\/i0.wp.com\/fratelliaifornelli.it\/wp-content\/uploads\/2013\/07\/fratelli-ai-fornelli-foto-humans-1200x769.jpg?resize=350%2C200","width":350,"height":200,"srcset":"https:\/\/i0.wp.com\/fratelliaifornelli.it\/wp-content\/uploads\/2013\/07\/fratelli-ai-fornelli-foto-humans-1200x769.jpg?resize=350%2C200 1x, https:\/\/i0.wp.com\/fratelliaifornelli.it\/wp-content\/uploads\/2013\/07\/fratelli-ai-fornelli-foto-humans-1200x769.jpg?resize=525%2C300 1.5x"},"classes":[]}],"jetpack_sharing_enabled":true,"_links":{"self":[{"href":"https:\/\/fratelliaifornelli.it\/en\/wp-json\/wp\/v2\/pages\/4828","targetHints":{"allow":["GET"]}}],"collection":[{"href":"https:\/\/fratelliaifornelli.it\/en\/wp-json\/wp\/v2\/pages"}],"about":[{"href":"https:\/\/fratelliaifornelli.it\/en\/wp-json\/wp\/v2\/types\/page"}],"author":[{"embeddable":true,"href":"https:\/\/fratelliaifornelli.it\/en\/wp-json\/wp\/v2\/users\/1"}],"replies":[{"embeddable":true,"href":"https:\/\/fratelliaifornelli.it\/en\/wp-json\/wp\/v2\/comments?post=4828"}],"version-history":[{"count":8,"href":"https:\/\/fratelliaifornelli.it\/en\/wp-json\/wp\/v2\/pages\/4828\/revisions"}],"predecessor-version":[{"id":4907,"href":"https:\/\/fratelliaifornelli.it\/en\/wp-json\/wp\/v2\/pages\/4828\/revisions\/4907"}],"wp:featuredmedia":[{"embeddable":true,"href":"https:\/\/fratelliaifornelli.it\/en\/wp-json\/wp\/v2\/media\/4822"}],"wp:attachment":[{"href":"https:\/\/fratelliaifornelli.it\/en\/wp-json\/wp\/v2\/media?parent=4828"}],"curies":[{"name":"wp","href":"https:\/\/api.w.org\/{rel}","templated":true}]}}